{"id":648,"date":"1990-01-01T00:00:47","date_gmt":"1989-12-31T23:00:47","guid":{"rendered":"http:\/\/elfzilr.cluster028.hosting.ovh.net\/?post_type=product&#038;p=648"},"modified":"2021-12-08T11:24:43","modified_gmt":"2021-12-08T10:24:43","slug":"mwana-hiti","status":"publish","type":"product","link":"https:\/\/congogallery.com\/en\/boutique\/livre\/mwana-hiti\/","title":{"rendered":"Mwana Hiti"},"content":{"rendered":"<h3><span style=\"color: #dd3333; font-weight: 300;\">Mwana Hiti<\/span><\/h3>\n<p><strong>Life and Art of the Matrilineal Bantu of Tanzania<\/strong><br \/>\nBy Marc L. Felix edited by Jens Jahn<\/p>\n<p>The matrilineal Bantu peoples of Tanzania,<br \/>\nfactors of \"Mwana Hiti\", figures describing in a stylized way a torso<br \/>\nf\u00e9minin surmont\u00e9 d&rsquo;une cr\u00eate<\/p>\n<p><strong>Bilingual edition :<\/strong><br \/>\nEnglish-German, 1990<br \/>\n27\u00d721.5cm, 504p. 496 B\/W photos,<br \/>\n15 maps, 13 designs<\/p>","protected":false},"excerpt":{"rendered":"<p><strong>Life and Art of the Matrilineal Bantu of Tanzania<\/strong><br \/>\nBy Marc L. Felix edited by Jens Jahn<\/p>\n<p>The matrilineal Bantu peoples of Tanzania,<br \/>\nfactors of \"Mwana Hiti\", figures describing in a stylized way a torso<br \/>\nf\u00e9minin surmont\u00e9 d&rsquo;une cr\u00eate<\/p>\n<p><strong>Bilingual edition :<\/strong><br \/>\nEnglish-German, 1990<br \/>\n27\u00d721.5cm, 504p. 496 B\/W photos,<br \/>\n15 maps, 13 designs<\/p>","protected":false},"featured_media":1038,"template":"","meta":[],"product_brand":[],"product_cat":[19],"product_tag":[],"class_list":{"0":"post-648","1":"product","2":"type-product","3":"status-publish","4":"has-post-thumbnail","6":"product_cat-livre","8":"first","9":"instock","10":"shipping-taxable","11":"purchasable","12":"product-type-simple"},"_links":{"self":[{"href":"https:\/\/congogallery.com\/en\/wp-json\/wp\/v2\/product\/648","targetHints":{"allow":["GET"]}}],"collection":[{"href":"https:\/\/congogallery.com\/en\/wp-json\/wp\/v2\/product"}],"about":[{"href":"https:\/\/congogallery.com\/en\/wp-json\/wp\/v2\/types\/product"}],"version-history":[{"count":0,"href":"https:\/\/congogallery.com\/en\/wp-json\/wp\/v2\/product\/648\/revisions"}],"wp:featuredmedia":[{"embeddable":true,"href":"https:\/\/congogallery.com\/en\/wp-json\/wp\/v2\/media\/1038"}],"wp:attachment":[{"href":"https:\/\/congogallery.com\/en\/wp-json\/wp\/v2\/media?parent=648"}],"wp:term":[{"taxonomy":"product_brand","embeddable":true,"href":"https:\/\/congogallery.com\/en\/wp-json\/wp\/v2\/product_brand?post=648"},{"taxonomy":"product_cat","embeddable":true,"href":"https:\/\/congogallery.com\/en\/wp-json\/wp\/v2\/product_cat?post=648"},{"taxonomy":"product_tag","embeddable":true,"href":"https:\/\/congogallery.com\/en\/wp-json\/wp\/v2\/product_tag?post=648"}],"curies":[{"name":"wp","href":"https:\/\/api.w.org\/{rel}","templated":true}]}}