{"id":635,"date":"2014-06-01T00:00:47","date_gmt":"2014-05-31T22:00:47","guid":{"rendered":"http:\/\/elfzilr.cluster028.hosting.ovh.net\/?post_type=product&#038;p=635"},"modified":"2021-12-08T11:31:25","modified_gmt":"2021-12-08T10:31:25","slug":"si-vis-pacem-para-artem","status":"publish","type":"product","link":"https:\/\/congogallery.com\/en\/boutique\/livre\/si-vis-pacem-para-artem\/","title":{"rendered":"Si Vis Pacem Para Artem"},"content":{"rendered":"<h3><span style=\"color: #dd3333; font-weight: 300;\">Si Vis Pacem Para Artem<\/span><\/h3>\n<p>La cr\u00e9ation plastique chez les Salampasu Dr. J.Volper<br \/>\nJuin 2014<br \/>\n159 pages<br \/>\n\u00c9dition limit\u00e9e \u00e0 500 exemplaires<\/p>","protected":false},"excerpt":{"rendered":"<p>La cr\u00e9ation plastique chez les Salampasu Dr. J.Volper<br \/>\nJuin 2014<br \/>\n159 pages<br \/>\n\u00c9dition limit\u00e9e \u00e0 500 exemplaires<\/p>","protected":false},"featured_media":636,"template":"","meta":[],"product_brand":[],"product_cat":[19],"product_tag":[],"class_list":{"0":"post-635","1":"product","2":"type-product","3":"status-publish","4":"has-post-thumbnail","6":"product_cat-livre","8":"first","9":"instock","10":"shipping-taxable","11":"purchasable","12":"product-type-simple"},"_links":{"self":[{"href":"https:\/\/congogallery.com\/en\/wp-json\/wp\/v2\/product\/635","targetHints":{"allow":["GET"]}}],"collection":[{"href":"https:\/\/congogallery.com\/en\/wp-json\/wp\/v2\/product"}],"about":[{"href":"https:\/\/congogallery.com\/en\/wp-json\/wp\/v2\/types\/product"}],"version-history":[{"count":0,"href":"https:\/\/congogallery.com\/en\/wp-json\/wp\/v2\/product\/635\/revisions"}],"wp:featuredmedia":[{"embeddable":true,"href":"https:\/\/congogallery.com\/en\/wp-json\/wp\/v2\/media\/636"}],"wp:attachment":[{"href":"https:\/\/congogallery.com\/en\/wp-json\/wp\/v2\/media?parent=635"}],"wp:term":[{"taxonomy":"product_brand","embeddable":true,"href":"https:\/\/congogallery.com\/en\/wp-json\/wp\/v2\/product_brand?post=635"},{"taxonomy":"product_cat","embeddable":true,"href":"https:\/\/congogallery.com\/en\/wp-json\/wp\/v2\/product_cat?post=635"},{"taxonomy":"product_tag","embeddable":true,"href":"https:\/\/congogallery.com\/en\/wp-json\/wp\/v2\/product_tag?post=635"}],"curies":[{"name":"wp","href":"https:\/\/api.w.org\/{rel}","templated":true}]}}