{"id":599,"date":"2014-06-01T00:00:57","date_gmt":"2014-05-31T22:00:57","guid":{"rendered":"http:\/\/elfzilr.cluster028.hosting.ovh.net\/?post_type=product&#038;p=599"},"modified":"2021-12-08T11:43:49","modified_gmt":"2021-12-08T10:43:49","slug":"white-gold-black-hands-vol-8","status":"publish","type":"product","link":"https:\/\/congogallery.com\/en\/boutique\/livre\/serie-de-livres\/white-gold-black-hands-vol-8\/","title":{"rendered":"White Gold, Black Hands \u2013 Vol.8"},"content":{"rendered":"<h5><span style=\"color: #999999;\">White GOLD<\/span>, <span style=\"color: #000000;\">Black Hands<\/span><\/h5>\n<h6><strong><span style=\"color: #ff9900;\">Ivory Sculpture In Congo &#8211; VOL.8<\/span><\/strong><\/h6>\n<p>Ce huiti\u00e8me volume conclut notre s\u00e9rie. Il commence avec le deuxi\u00e8me chapitre\u00a0\u00e9crit par la Dr Anne-Marie Bouttiaux consacr\u00e9 \u00e0 l&rsquo;\u00e9tude des superbes cuill\u00e8res en\u00a0ivoire habituellement attribu\u00e9es aux Ababua (Boa).<\/p>\n<p>Le Dr Julien Volper tente\u00a0d&rsquo;identifier les disques et anneaux en ivoire ins\u00e9r\u00e9s dans des ouvertures des l\u00e8vres\u00a0et des oreilles de certains peuples du Nord Congo. Puis Jan Elsen\u00a0sp\u00e9cialiste des armes\u00a0traditionnelles du Congo, r\u00e9alise un inventaire des armes extraites de l\u2019ivoire, celles\u00a0dont le manche pr\u00e9sente des incrustations d&rsquo;ivoire ou est r\u00e9alis\u00e9 enti\u00e8rement dans ce\u00a0pr\u00e9cieux mat\u00e9riau. Ma contribution focalise sur l\u2019\u00e9tude des sculptures \u00a0en ivoire r\u00e9alis\u00e9es\u00a0au Congo \u00e0 la demande des Europ\u00e9ens, ainsi que celles dont le sujet ou le style d\u00e9note\u00a0une influence occidentale. Commen\u00e7ant au XV\u00e8me si\u00e8cle j\u2019en arrive \u00e0 aborder cette\u00a0production particuli\u00e8re de nos jours. L\u2019\u00e9laboration de ce pr\u00e9sent volume, n\u2019aurait pu\u00a0\u00eatre envisageable sans l\u2019aide de la direction, des scientifiques,des photographes et de\u00a0l\u2019\u00e9quipe du MRAC. Des centaines de photos couleur originales et un grand nombre\u00a0de cartes illustrent ce volume.<\/p>\n<p>Juin 2014<br \/>\n\u00c9dition limit\u00e9e \u00e0 999 exemplaires.<\/p>","protected":false},"excerpt":{"rendered":"<p>Ce huiti\u00e8me volume conclut notre s\u00e9rie. Il commence avec le deuxi\u00e8me chapitre\u00a0\u00e9crit par la Dr Anne-Marie Bouttiaux consacr\u00e9 \u00e0 l&rsquo;\u00e9tude des superbes cuill\u00e8res en\u00a0ivoire habituellement attribu\u00e9es aux Ababua (Boa).<\/p>\n<p>Le Dr Julien Volper tente\u00a0d&rsquo;identifier les disques et anneaux en ivoire ins\u00e9r\u00e9s dans des ouvertures des l\u00e8vres\u00a0et des oreilles de certains peuples du Nord Congo. Puis Jan Elsen\u00a0sp\u00e9cialiste des armes\u00a0traditionnelles du Congo, r\u00e9alise un inventaire des armes extraites de l\u2019ivoire, celles\u00a0dont le manche pr\u00e9sente des incrustations d&rsquo;ivoire ou est r\u00e9alis\u00e9 enti\u00e8rement dans ce\u00a0pr\u00e9cieux mat\u00e9riau. Ma contribution focalise sur l\u2019\u00e9tude des sculptures \u00a0en ivoire r\u00e9alis\u00e9es\u00a0au Congo \u00e0 la demande des Europ\u00e9ens, ainsi que celles dont le sujet ou le style d\u00e9note\u00a0une influence occidentale. Commen\u00e7ant au XV\u00e8me si\u00e8cle j\u2019en arrive \u00e0 aborder cette\u00a0production particuli\u00e8re de nos jours. L\u2019\u00e9laboration de ce pr\u00e9sent volume, n\u2019aurait pu\u00a0\u00eatre envisageable sans l\u2019aide de la direction, des scientifiques,des photographes et de\u00a0l\u2019\u00e9quipe du MRAC. Des centaines de photos couleur originales et un grand nombre\u00a0de cartes illustrent ce volume.<\/p>\n<p>Juin 2014<br \/>\n\u00c9dition limit\u00e9e \u00e0 999 exemplaires.<\/p>","protected":false},"featured_media":619,"template":"","meta":[],"product_brand":[],"product_cat":[19,29],"product_tag":[],"class_list":{"0":"post-599","1":"product","2":"type-product","3":"status-publish","4":"has-post-thumbnail","6":"product_cat-livre","7":"product_cat-serie-de-livres","9":"first","10":"instock","11":"shipping-taxable","12":"purchasable","13":"product-type-simple"},"_links":{"self":[{"href":"https:\/\/congogallery.com\/en\/wp-json\/wp\/v2\/product\/599","targetHints":{"allow":["GET"]}}],"collection":[{"href":"https:\/\/congogallery.com\/en\/wp-json\/wp\/v2\/product"}],"about":[{"href":"https:\/\/congogallery.com\/en\/wp-json\/wp\/v2\/types\/product"}],"version-history":[{"count":0,"href":"https:\/\/congogallery.com\/en\/wp-json\/wp\/v2\/product\/599\/revisions"}],"wp:featuredmedia":[{"embeddable":true,"href":"https:\/\/congogallery.com\/en\/wp-json\/wp\/v2\/media\/619"}],"wp:attachment":[{"href":"https:\/\/congogallery.com\/en\/wp-json\/wp\/v2\/media?parent=599"}],"wp:term":[{"taxonomy":"product_brand","embeddable":true,"href":"https:\/\/congogallery.com\/en\/wp-json\/wp\/v2\/product_brand?post=599"},{"taxonomy":"product_cat","embeddable":true,"href":"https:\/\/congogallery.com\/en\/wp-json\/wp\/v2\/product_cat?post=599"},{"taxonomy":"product_tag","embeddable":true,"href":"https:\/\/congogallery.com\/en\/wp-json\/wp\/v2\/product_tag?post=599"}],"curies":[{"name":"wp","href":"https:\/\/api.w.org\/{rel}","templated":true}]}}