{"id":598,"date":"2014-01-01T00:00:46","date_gmt":"2013-12-31T23:00:46","guid":{"rendered":"http:\/\/elfzilr.cluster028.hosting.ovh.net\/?post_type=product&#038;p=598"},"modified":"2021-12-08T11:33:07","modified_gmt":"2021-12-08T10:33:07","slug":"white-gold-black-hands-vol-7","status":"publish","type":"product","link":"https:\/\/congogallery.com\/en\/boutique\/livre\/serie-de-livres\/white-gold-black-hands-vol-7\/","title":{"rendered":"White Gold, Black Hands \u2013 Vol.7"},"content":{"rendered":"<h5><span style=\"color: #999999;\">White GOLD<\/span>, <span style=\"color: #000000;\">Black Hands<\/span><\/h5>\n<h6><strong><span style=\"color: #ff9900;\">Ivory Sculpture In Congo &#8211; VOL.7<\/span><\/strong><\/h6>\n<p>Ce septi\u00e8me volume s\u2019ouvrira sur ma tentative d\u2019identification des rares figurines des for\u00eats de l\u2019UManiema, de l\u2019UIturi m\u00e9ridional et de l\u2019Umongo oriental. Ensuite, le Dr Enid Schildkrout, conservatrice \u00e9m\u00e9rite au Museum of Natural History de New York, \u00e9voquera la production d\u2019objets en ivoire attribuable aux Mangbetu et \u00e0 leurs voisins, elle d\u00e9crit une s\u00e9lection d\u2019artefacts collect\u00e9s par les scientifiques Lang &amp; Chapin durant l\u2019exp\u00e9dition de l\u2019AMNH entre 1908 et 1915. R\u00e9my Jadinon, ethnomusicologue et chercheur au MRAC, traite des trompes, fl\u00fbtes et autres instruments en ivoire du XIX\u00e8me si\u00e8cle du Nord RDC.<\/p>\n<p>Le Dr Anne-Marie Bouttiaux chef de la section ethnographique du MRAC, pr\u00e9sente les superbes cuill\u00e8res en ivoire g\u00e9n\u00e9ralement attribu\u00e9es au peuple boa de l\u2019entre Aruwimi-Uele. L\u2019\u00e9laboration de ce volume n\u2019aurait pu \u00eatre envisageable sans l\u2019aide importante apport\u00e9e par le MRAC et l\u2019AMNH du point de vue des collaborations scientifiques, des aides techniques, des facilit\u00e9s administratives ou bien encore de l\u2019accessibilit\u00e9 aux collections.<\/p>\n<p>Janvier 2014<br \/>\n\u00c9dition limit\u00e9e \u00e0 999 exemplaires.<\/p>","protected":false},"excerpt":{"rendered":"<p>Ce septi\u00e8me volume s\u2019ouvrira sur ma tentative d\u2019identification des rares figurines des for\u00eats de l\u2019UManiema, de l\u2019UIturi m\u00e9ridional et de l\u2019Umongo oriental. Ensuite, le Dr Enid Schildkrout, conservatrice \u00e9m\u00e9rite au Museum of Natural History de New York, \u00e9voquera la production d\u2019objets en ivoire attribuable aux Mangbetu et \u00e0 leurs voisins, elle d\u00e9crit une s\u00e9lection d\u2019artefacts collect\u00e9s par les scientifiques Lang &amp; Chapin durant l\u2019exp\u00e9dition de l\u2019AMNH entre 1908 et 1915. R\u00e9my Jadinon, ethnomusicologue et chercheur au MRAC, traite des trompes, fl\u00fbtes et autres instruments en ivoire du XIX\u00e8me si\u00e8cle du Nord RDC.<\/p>\n<p>Le Dr Anne-Marie Bouttiaux chef de la section ethnographique du MRAC, pr\u00e9sente les superbes cuill\u00e8res en ivoire g\u00e9n\u00e9ralement attribu\u00e9es au peuple boa de l\u2019entre Aruwimi-Uele. L\u2019\u00e9laboration de ce volume n\u2019aurait pu \u00eatre envisageable sans l\u2019aide importante apport\u00e9e par le MRAC et l\u2019AMNH du point de vue des collaborations scientifiques, des aides techniques, des facilit\u00e9s administratives ou bien encore de l\u2019accessibilit\u00e9 aux collections.<\/p>\n<p>Janvier 2014<br \/>\n\u00c9dition limit\u00e9e \u00e0 999 exemplaires.<\/p>","protected":false},"featured_media":618,"template":"","meta":[],"product_brand":[],"product_cat":[19,29],"product_tag":[],"class_list":{"0":"post-598","1":"product","2":"type-product","3":"status-publish","4":"has-post-thumbnail","6":"product_cat-livre","7":"product_cat-serie-de-livres","9":"first","10":"instock","11":"shipping-taxable","12":"purchasable","13":"product-type-simple"},"_links":{"self":[{"href":"https:\/\/congogallery.com\/en\/wp-json\/wp\/v2\/product\/598","targetHints":{"allow":["GET"]}}],"collection":[{"href":"https:\/\/congogallery.com\/en\/wp-json\/wp\/v2\/product"}],"about":[{"href":"https:\/\/congogallery.com\/en\/wp-json\/wp\/v2\/types\/product"}],"version-history":[{"count":0,"href":"https:\/\/congogallery.com\/en\/wp-json\/wp\/v2\/product\/598\/revisions"}],"wp:featuredmedia":[{"embeddable":true,"href":"https:\/\/congogallery.com\/en\/wp-json\/wp\/v2\/media\/618"}],"wp:attachment":[{"href":"https:\/\/congogallery.com\/en\/wp-json\/wp\/v2\/media?parent=598"}],"wp:term":[{"taxonomy":"product_brand","embeddable":true,"href":"https:\/\/congogallery.com\/en\/wp-json\/wp\/v2\/product_brand?post=598"},{"taxonomy":"product_cat","embeddable":true,"href":"https:\/\/congogallery.com\/en\/wp-json\/wp\/v2\/product_cat?post=598"},{"taxonomy":"product_tag","embeddable":true,"href":"https:\/\/congogallery.com\/en\/wp-json\/wp\/v2\/product_tag?post=598"}],"curies":[{"name":"wp","href":"https:\/\/api.w.org\/{rel}","templated":true}]}}