{"id":597,"date":"2013-06-01T00:00:33","date_gmt":"2013-05-31T22:00:33","guid":{"rendered":"http:\/\/elfzilr.cluster028.hosting.ovh.net\/?post_type=product&#038;p=597"},"modified":"2021-12-08T11:33:21","modified_gmt":"2021-12-08T10:33:21","slug":"white-gold-black-hands-vol-6","status":"publish","type":"product","link":"https:\/\/congogallery.com\/en\/boutique\/livre\/serie-de-livres\/white-gold-black-hands-vol-6\/","title":{"rendered":"White Gold, Black Hands \u2013 Vol.6"},"content":{"rendered":"<h5><span style=\"color: #999999;\">White GOLD<\/span>, <span style=\"color: #000000;\">Black Hands<\/span><\/h5>\n<h6><strong><span style=\"color: #ff9900;\">Ivory Sculpture In Congo &#8211; VOL.6<\/span><\/strong><\/h6>\n<p>Dans ce sixi\u00e8me volume, MA\u00a0H. Kellim Brown continue son inventaire typologique\u00a0approfondi de la sculpture lega en se basant sur son exp\u00e9rience de terrain au Maniema et sur l\u2019\u00e9tude des collections publiques et priv\u00e9es. Le Dr Bernard de Grunne abordera la sculpture lega d\u2019un point de vue stylistique et s\u2019applique \u00e0 identifier un certain nombre de \u00ab\u00a0mains de ma\u00eetres\u00a0\u00bb dans le corpus. Nous nous d\u00e9placerons ensuite vers l\u2019orient dans la zone artistique de l\u2019Ukivu, dans laquelle vivent le peuple l\u00e9ga\u00efsant que sont les Shi. Le Dr Thomas Bayet et Pierre Loos \u00e9tudieront la superbe production non-figurative de ce peuple m\u00e9connu.Les auteurs ont trouv\u00e9 une bonne part de leurs objets d\u2019\u00e9tudes, jamais publi\u00e9s auparavant, dans les r\u00e9serves du Mus\u00e9e Royal de l\u2019Afrique Centrale. D\u2019autres mus\u00e9es et collections priv\u00e9es sont aussi repr\u00e9sent\u00e9s et contribuent \u00e0 la riche iconographie de ce volume. La traduction anglaise des textes fran\u00e7ais est comprise dans un CD inclus dans l\u2019ouvrage.<\/p>\n<div><\/div>\n<div>Juin 2013<br \/>\n\u00c9dition limit\u00e9e \u00e0 999 exemplaires.<\/div>","protected":false},"excerpt":{"rendered":"<p>Dans ce sixi\u00e8me volume, MA\u00a0H. Kellim Brown continue son inventaire typologique\u00a0approfondi de la sculpture lega en se basant sur son exp\u00e9rience de terrain au Maniema et sur l\u2019\u00e9tude des collections publiques et priv\u00e9es. Le Dr Bernard de Grunne abordera la sculpture lega d\u2019un point de vue stylistique et s\u2019applique \u00e0 identifier un certain nombre de \u00ab\u00a0mains de ma\u00eetres\u00a0\u00bb dans le corpus. Nous nous d\u00e9placerons ensuite vers l\u2019orient dans la zone artistique de l\u2019Ukivu, dans laquelle vivent le peuple l\u00e9ga\u00efsant que sont les Shi. Le Dr Thomas Bayet et Pierre Loos \u00e9tudieront la superbe production non-figurative de ce peuple m\u00e9connu.Les auteurs ont trouv\u00e9 une bonne part de leurs objets d\u2019\u00e9tudes, jamais publi\u00e9s auparavant, dans les r\u00e9serves du Mus\u00e9e Royal de l\u2019Afrique Centrale. D\u2019autres mus\u00e9es et collections priv\u00e9es sont aussi repr\u00e9sent\u00e9s et contribuent \u00e0 la riche iconographie de ce volume. La traduction anglaise des textes fran\u00e7ais est comprise dans un CD inclus dans l\u2019ouvrage.<\/p>\n<div><\/div>\n<div>Juin 2013<br \/>\n\u00c9dition limit\u00e9e \u00e0 999 exemplaires.<\/div>","protected":false},"featured_media":617,"template":"","meta":[],"product_brand":[],"product_cat":[19,29],"product_tag":[],"class_list":{"0":"post-597","1":"product","2":"type-product","3":"status-publish","4":"has-post-thumbnail","6":"product_cat-livre","7":"product_cat-serie-de-livres","9":"first","10":"instock","11":"shipping-taxable","12":"purchasable","13":"product-type-simple"},"_links":{"self":[{"href":"https:\/\/congogallery.com\/en\/wp-json\/wp\/v2\/product\/597","targetHints":{"allow":["GET"]}}],"collection":[{"href":"https:\/\/congogallery.com\/en\/wp-json\/wp\/v2\/product"}],"about":[{"href":"https:\/\/congogallery.com\/en\/wp-json\/wp\/v2\/types\/product"}],"version-history":[{"count":0,"href":"https:\/\/congogallery.com\/en\/wp-json\/wp\/v2\/product\/597\/revisions"}],"wp:featuredmedia":[{"embeddable":true,"href":"https:\/\/congogallery.com\/en\/wp-json\/wp\/v2\/media\/617"}],"wp:attachment":[{"href":"https:\/\/congogallery.com\/en\/wp-json\/wp\/v2\/media?parent=597"}],"wp:term":[{"taxonomy":"product_brand","embeddable":true,"href":"https:\/\/congogallery.com\/en\/wp-json\/wp\/v2\/product_brand?post=597"},{"taxonomy":"product_cat","embeddable":true,"href":"https:\/\/congogallery.com\/en\/wp-json\/wp\/v2\/product_cat?post=597"},{"taxonomy":"product_tag","embeddable":true,"href":"https:\/\/congogallery.com\/en\/wp-json\/wp\/v2\/product_tag?post=597"}],"curies":[{"name":"wp","href":"https:\/\/api.w.org\/{rel}","templated":true}]}}