{"id":596,"date":"2013-01-01T00:00:24","date_gmt":"2012-12-31T23:00:24","guid":{"rendered":"http:\/\/elfzilr.cluster028.hosting.ovh.net\/?post_type=product&#038;p=596"},"modified":"2021-12-08T11:33:39","modified_gmt":"2021-12-08T10:33:39","slug":"white-gold-black-hands-vol-5","status":"publish","type":"product","link":"https:\/\/congogallery.com\/en\/boutique\/livre\/serie-de-livres\/white-gold-black-hands-vol-5\/","title":{"rendered":"White Gold, Black Hands \u2013 Vol.5"},"content":{"rendered":"<h5><span style=\"color: #999999;\">White GOLD<\/span>, <span style=\"color: #000000;\">Black Hands<\/span><\/h5>\n<h6><strong><span style=\"color: #ff9900;\">Ivory Sculpture In Congo &#8211; VOL.5<\/span><\/strong><\/h6>\n<p>Le volume 5 commence par l\u2019\u00e9tude du Dr Julien Volper (MRAC) portant sur les pendentifs en ivoire faits par les Luba orientaux et repr\u00e9sentant des bustes f\u00e9minins.<br \/>\nNous irons ensuite vers Kasongo dans une zone de transition culturelle o\u00f9 les Luba septentrionaux, les Hemba, les Songye, les Kusu et les Zimba r\u00e9sident. Marc L. Felix vous d\u00e9crira les sculptures en ivoire utilis\u00e9s comme embl\u00e8mes de statuts ou comme objets rituels.<br \/>\nPlus \u00e0 l\u2019Est, chez les Bembe, le Professeur Pol Pierre Gossiaux de l\u2019Universit\u00e9 de Li\u00e8ge, nous r\u00e9v\u00e8lera l\u2019usage d\u2019objets en ivoire jusqu\u2019\u00e0 pr\u00e9sent inconnus.Ces recherches se fondent sur son travail de terrain entam\u00e9 en 1969.<br \/>\nH. Kellim Brown M.A visita les Lega en 2011, permettant d\u2019\u00e9tablir une nouvelle approche de l\u2019art \u00e9burn\u00e9en des Lega. Un nombre de remarquables sculptures en ivoire m\u00e9connues, provenant des r\u00e9serves du Mus\u00e9e Royal de l\u2019Afrique Centrale ainsi que d\u2019autres institutions mus\u00e9ales et de collections priv\u00e9es, illustrent leurs articles.<br \/>\n304 pages A4 cartonn\u00e9.<\/p>\n<p>Janvier 2013<br \/>\n\u00c9dition limit\u00e9e \u00e0 999 exemplaires.<\/p>","protected":false},"excerpt":{"rendered":"<p>Le volume 5 commence par l\u2019\u00e9tude du Dr Julien Volper (MRAC) portant sur les pendentifs en ivoire faits par les Luba orientaux et repr\u00e9sentant des bustes f\u00e9minins.<br \/>\nNous irons ensuite vers Kasongo dans une zone de transition culturelle o\u00f9 les Luba septentrionaux, les Hemba, les Songye, les Kusu et les Zimba r\u00e9sident. Marc L. Felix vous d\u00e9crira les sculptures en ivoire utilis\u00e9s comme embl\u00e8mes de statuts ou comme objets rituels.<br \/>\nPlus \u00e0 l\u2019Est, chez les Bembe, le Professeur Pol Pierre Gossiaux de l\u2019Universit\u00e9 de Li\u00e8ge, nous r\u00e9v\u00e8lera l\u2019usage d\u2019objets en ivoire jusqu\u2019\u00e0 pr\u00e9sent inconnus.Ces recherches se fondent sur son travail de terrain entam\u00e9 en 1969.<br \/>\nH. Kellim Brown M.A visita les Lega en 2011, permettant d\u2019\u00e9tablir une nouvelle approche de l\u2019art \u00e9burn\u00e9en des Lega. Un nombre de remarquables sculptures en ivoire m\u00e9connues, provenant des r\u00e9serves du Mus\u00e9e Royal de l\u2019Afrique Centrale ainsi que d\u2019autres institutions mus\u00e9ales et de collections priv\u00e9es, illustrent leurs articles.<br \/>\n304 pages A4 cartonn\u00e9.<\/p>\n<p>Janvier 2013<br \/>\n\u00c9dition limit\u00e9e \u00e0 999 exemplaires.<\/p>","protected":false},"featured_media":616,"template":"","meta":[],"product_brand":[],"product_cat":[19,29],"product_tag":[],"class_list":{"0":"post-596","1":"product","2":"type-product","3":"status-publish","4":"has-post-thumbnail","6":"product_cat-livre","7":"product_cat-serie-de-livres","9":"first","10":"instock","11":"shipping-taxable","12":"purchasable","13":"product-type-simple"},"_links":{"self":[{"href":"https:\/\/congogallery.com\/en\/wp-json\/wp\/v2\/product\/596","targetHints":{"allow":["GET"]}}],"collection":[{"href":"https:\/\/congogallery.com\/en\/wp-json\/wp\/v2\/product"}],"about":[{"href":"https:\/\/congogallery.com\/en\/wp-json\/wp\/v2\/types\/product"}],"version-history":[{"count":0,"href":"https:\/\/congogallery.com\/en\/wp-json\/wp\/v2\/product\/596\/revisions"}],"wp:featuredmedia":[{"embeddable":true,"href":"https:\/\/congogallery.com\/en\/wp-json\/wp\/v2\/media\/616"}],"wp:attachment":[{"href":"https:\/\/congogallery.com\/en\/wp-json\/wp\/v2\/media?parent=596"}],"wp:term":[{"taxonomy":"product_brand","embeddable":true,"href":"https:\/\/congogallery.com\/en\/wp-json\/wp\/v2\/product_brand?post=596"},{"taxonomy":"product_cat","embeddable":true,"href":"https:\/\/congogallery.com\/en\/wp-json\/wp\/v2\/product_cat?post=596"},{"taxonomy":"product_tag","embeddable":true,"href":"https:\/\/congogallery.com\/en\/wp-json\/wp\/v2\/product_tag?post=596"}],"curies":[{"name":"wp","href":"https:\/\/api.w.org\/{rel}","templated":true}]}}