{"id":595,"date":"2012-06-01T00:00:12","date_gmt":"2012-05-31T22:00:12","guid":{"rendered":"http:\/\/elfzilr.cluster028.hosting.ovh.net\/?post_type=product&#038;p=595"},"modified":"2021-12-08T11:33:57","modified_gmt":"2021-12-08T10:33:57","slug":"white-gold-black-hands-vol-4","status":"publish","type":"product","link":"https:\/\/congogallery.com\/en\/boutique\/livre\/serie-de-livres\/white-gold-black-hands-vol-4\/","title":{"rendered":"White Gold, Black Hands \u2013 Vol.4"},"content":{"rendered":"<h5><span style=\"color: #999999;\">White GOLD<\/span>, <span style=\"color: #000000;\">Black Hands<\/span><\/h5>\n<h6><strong><span style=\"color: #ff9900;\">Ivory Sculpture In Congo &#8211; VOL.4<\/span><\/strong><\/h6>\n<p>Notre p\u00e9riple continue en R.D.C.du Congo \u00e0 la recherche de sculptures \u00e9burn\u00e9ennes se continue au Kasa\u00ef.Le Dr.David Binkley nous explique la relation\u00a0complexe que les Kuba entretenaient avec ce mat\u00e9riau. La t\u00e2che difficile de d\u00e9busquer les quelques ivoires sculpt\u00e9s provenant des Luluwa et de leurs\u00a0voisins est confi\u00e9e au Dr. Constantin Petridis.<br \/>\nLe Dr. Julien Volper du Mus\u00e9e Royal de l&rsquo;Afrique Central (Tervuren) nous fait d\u00e9couvrir les artefacts en ivoire\u00a0des peuples du Sud-Est congolais, tels que les Songye, Luba et voisins de la zone stylistique Uruwa (Katanga), principalement au travers des impressionnantes collections du Musee Royal d Afrique Centrale a Tervuren.<br \/>\nLa grande majorit\u00e9 des objets pr\u00e9sent\u00e9s ne furent jamais \u00e9tudi\u00e9s ni publi\u00e9s. Des centaines de superbes photos,\u00a0dessins et cartes illustrent les articles des auteurs.\u00a0288 pages A4 cartonn\u00e9.<\/p>\n<p>Juin 2012<br \/>\n\u00c9dition limit\u00e9e \u00e0 999 exemplaires.<\/p>","protected":false},"excerpt":{"rendered":"<p>Notre p\u00e9riple continue en R.D.C.du Congo \u00e0 la recherche de sculptures \u00e9burn\u00e9ennes se continue au Kasa\u00ef.Le Dr.David Binkley nous explique la relation\u00a0complexe que les Kuba entretenaient avec ce mat\u00e9riau. La t\u00e2che difficile de d\u00e9busquer les quelques ivoires sculpt\u00e9s provenant des Luluwa et de leurs\u00a0voisins est confi\u00e9e au Dr. Constantin Petridis.<br \/>\nLe Dr. Julien Volper du Mus\u00e9e Royal de l&rsquo;Afrique Central (Tervuren) nous fait d\u00e9couvrir les artefacts en ivoire\u00a0des peuples du Sud-Est congolais, tels que les Songye, Luba et voisins de la zone stylistique Uruwa (Katanga), principalement au travers des impressionnantes collections du Musee Royal d Afrique Centrale a Tervuren.<br \/>\nLa grande majorit\u00e9 des objets pr\u00e9sent\u00e9s ne furent jamais \u00e9tudi\u00e9s ni publi\u00e9s. Des centaines de superbes photos,\u00a0dessins et cartes illustrent les articles des auteurs.\u00a0288 pages A4 cartonn\u00e9.<\/p>\n<p>Juin 2012<br \/>\n\u00c9dition limit\u00e9e \u00e0 999 exemplaires.<\/p>","protected":false},"featured_media":615,"template":"","meta":[],"product_brand":[],"product_cat":[19,29],"product_tag":[],"class_list":{"0":"post-595","1":"product","2":"type-product","3":"status-publish","4":"has-post-thumbnail","6":"product_cat-livre","7":"product_cat-serie-de-livres","9":"first","10":"instock","11":"shipping-taxable","12":"purchasable","13":"product-type-simple"},"_links":{"self":[{"href":"https:\/\/congogallery.com\/en\/wp-json\/wp\/v2\/product\/595","targetHints":{"allow":["GET"]}}],"collection":[{"href":"https:\/\/congogallery.com\/en\/wp-json\/wp\/v2\/product"}],"about":[{"href":"https:\/\/congogallery.com\/en\/wp-json\/wp\/v2\/types\/product"}],"version-history":[{"count":0,"href":"https:\/\/congogallery.com\/en\/wp-json\/wp\/v2\/product\/595\/revisions"}],"wp:featuredmedia":[{"embeddable":true,"href":"https:\/\/congogallery.com\/en\/wp-json\/wp\/v2\/media\/615"}],"wp:attachment":[{"href":"https:\/\/congogallery.com\/en\/wp-json\/wp\/v2\/media?parent=595"}],"wp:term":[{"taxonomy":"product_brand","embeddable":true,"href":"https:\/\/congogallery.com\/en\/wp-json\/wp\/v2\/product_brand?post=595"},{"taxonomy":"product_cat","embeddable":true,"href":"https:\/\/congogallery.com\/en\/wp-json\/wp\/v2\/product_cat?post=595"},{"taxonomy":"product_tag","embeddable":true,"href":"https:\/\/congogallery.com\/en\/wp-json\/wp\/v2\/product_tag?post=595"}],"curies":[{"name":"wp","href":"https:\/\/api.w.org\/{rel}","templated":true}]}}