{"id":591,"date":"2011-06-01T00:00:19","date_gmt":"2011-05-31T22:00:19","guid":{"rendered":"http:\/\/elfzilr.cluster028.hosting.ovh.net\/?post_type=product&#038;p=591"},"modified":"2021-12-08T11:34:49","modified_gmt":"2021-12-08T10:34:49","slug":"white-gold-black-hands-vol-2","status":"publish","type":"product","link":"https:\/\/congogallery.com\/en\/boutique\/livre\/serie-de-livres\/white-gold-black-hands-vol-2\/","title":{"rendered":"White Gold, Black Hands \u2013 Vol.2"},"content":{"rendered":"<h5><span style=\"color: #999999;\">White GOLD<\/span>, <span style=\"color: #000000;\">Black Hands<\/span><\/h5>\n<h6><strong><span style=\"color: #ff9900;\">Ivory Sculpture In Congo &#8211; VOL.2<\/span><\/strong><\/h6>\n<p>320 pages Format A4, + de 1000 illustrations couleur. Tirage limit\u00e9 \u00e0 999 exemplaires. Couverture cartonn\u00e9e recouverte de tissu estampill\u00e9.<br \/>\nMarc Leo Felix continue son essai, en anglais, concernant les sculptures rituelles en ivoires des Bakongo en \u00e9tudiant leurs sceptres, embouts, chasse-mouche et armes.<br \/>\nLe Dr. Viviane Baeke du MRAC, Tervuren, nous d\u00e9voile en fran\u00e7ais et en d\u00e9tail le secret de l&rsquo;identit\u00e9 r\u00e9elle des pendentifs Ikhoko des Pende.<\/p>\n<p>Juin 2011<br \/>\n\u00c9dition limit\u00e9e \u00e0 999 exemplaires.<\/p>","protected":false},"excerpt":{"rendered":"<p>320 pages Format A4, + de 1000 illustrations couleur. Tirage limit\u00e9 \u00e0 999 exemplaires. Couverture cartonn\u00e9e recouverte de tissu estampill\u00e9.<br \/>\nMarc Leo Felix continue son essai, en anglais, concernant les sculptures rituelles en ivoires des Bakongo en \u00e9tudiant leurs sceptres, embouts, chasse-mouche et armes.<br \/>\nLe Dr. Viviane Baeke du MRAC, Tervuren, nous d\u00e9voile en fran\u00e7ais et en d\u00e9tail le secret de l&rsquo;identit\u00e9 r\u00e9elle des pendentifs Ikhoko des Pende.<\/p>\n<p>Juin 2011<br \/>\n\u00c9dition limit\u00e9e \u00e0 999 exemplaires.<\/p>","protected":false},"featured_media":621,"template":"","meta":[],"product_brand":[],"product_cat":[19,29],"product_tag":[],"class_list":{"0":"post-591","1":"product","2":"type-product","3":"status-publish","4":"has-post-thumbnail","6":"product_cat-livre","7":"product_cat-serie-de-livres","9":"first","10":"instock","11":"shipping-taxable","12":"purchasable","13":"product-type-simple"},"_links":{"self":[{"href":"https:\/\/congogallery.com\/en\/wp-json\/wp\/v2\/product\/591","targetHints":{"allow":["GET"]}}],"collection":[{"href":"https:\/\/congogallery.com\/en\/wp-json\/wp\/v2\/product"}],"about":[{"href":"https:\/\/congogallery.com\/en\/wp-json\/wp\/v2\/types\/product"}],"version-history":[{"count":0,"href":"https:\/\/congogallery.com\/en\/wp-json\/wp\/v2\/product\/591\/revisions"}],"wp:featuredmedia":[{"embeddable":true,"href":"https:\/\/congogallery.com\/en\/wp-json\/wp\/v2\/media\/621"}],"wp:attachment":[{"href":"https:\/\/congogallery.com\/en\/wp-json\/wp\/v2\/media?parent=591"}],"wp:term":[{"taxonomy":"product_brand","embeddable":true,"href":"https:\/\/congogallery.com\/en\/wp-json\/wp\/v2\/product_brand?post=591"},{"taxonomy":"product_cat","embeddable":true,"href":"https:\/\/congogallery.com\/en\/wp-json\/wp\/v2\/product_cat?post=591"},{"taxonomy":"product_tag","embeddable":true,"href":"https:\/\/congogallery.com\/en\/wp-json\/wp\/v2\/product_tag?post=591"}],"curies":[{"name":"wp","href":"https:\/\/api.w.org\/{rel}","templated":true}]}}