{"id":582,"date":"2010-06-01T00:00:53","date_gmt":"2010-05-31T22:00:53","guid":{"rendered":"http:\/\/elfzilr.cluster028.hosting.ovh.net\/?post_type=product&#038;p=582"},"modified":"2021-12-08T11:35:10","modified_gmt":"2021-12-08T10:35:10","slug":"white-gold-black-hands-vol-1","status":"publish","type":"product","link":"https:\/\/congogallery.com\/en\/boutique\/livre\/serie-de-livres\/white-gold-black-hands-vol-1\/","title":{"rendered":"White Gold, Black Hands &#8211; Vol.1"},"content":{"rendered":"<h5><span style=\"color: #999999;\">White GOLD<\/span>, <span style=\"color: #000000;\">Black Hands<\/span><\/h5>\n<h6><strong><span style=\"color: #ff9900;\">Ivory Sculpture In Congo &#8211; Vol .1<\/span><\/strong><\/h6>\n<p>280 pages Format A4+<\/p>\n<p>4 auteurs \u00e9crivant soit en Fran\u00e7ais, Anglais ou N\u00e9erlandais<br \/>\n+\/- 1000 illustrations couleur<br \/>\nCouverture cartonn\u00e9e recouverte de tissu estampill\u00e9<\/p>\n<p>Juin 2010<br \/>\n\u00c9dition limit\u00e9e \u00e0 999 exemplaires.<\/p>","protected":false},"excerpt":{"rendered":"<p>280 pages Format A4+<\/p>\n<p>4 auteurs \u00e9crivant soit en Fran\u00e7ais, Anglais ou N\u00e9erlandais<br \/>\n+\/- 1000 illustrations couleur<br \/>\nCouverture cartonn\u00e9e recouverte de tissu estampill\u00e9<\/p>\n<p>Juin 2010<br \/>\n\u00c9dition limit\u00e9e \u00e0 999 exemplaires.<\/p>","protected":false},"featured_media":610,"template":"","meta":[],"product_brand":[],"product_cat":[19,29],"product_tag":[],"class_list":{"0":"post-582","1":"product","2":"type-product","3":"status-publish","4":"has-post-thumbnail","6":"product_cat-livre","7":"product_cat-serie-de-livres","9":"first","10":"instock","11":"shipping-taxable","12":"purchasable","13":"product-type-simple"},"_links":{"self":[{"href":"https:\/\/congogallery.com\/en\/wp-json\/wp\/v2\/product\/582","targetHints":{"allow":["GET"]}}],"collection":[{"href":"https:\/\/congogallery.com\/en\/wp-json\/wp\/v2\/product"}],"about":[{"href":"https:\/\/congogallery.com\/en\/wp-json\/wp\/v2\/types\/product"}],"version-history":[{"count":0,"href":"https:\/\/congogallery.com\/en\/wp-json\/wp\/v2\/product\/582\/revisions"}],"wp:featuredmedia":[{"embeddable":true,"href":"https:\/\/congogallery.com\/en\/wp-json\/wp\/v2\/media\/610"}],"wp:attachment":[{"href":"https:\/\/congogallery.com\/en\/wp-json\/wp\/v2\/media?parent=582"}],"wp:term":[{"taxonomy":"product_brand","embeddable":true,"href":"https:\/\/congogallery.com\/en\/wp-json\/wp\/v2\/product_brand?post=582"},{"taxonomy":"product_cat","embeddable":true,"href":"https:\/\/congogallery.com\/en\/wp-json\/wp\/v2\/product_cat?post=582"},{"taxonomy":"product_tag","embeddable":true,"href":"https:\/\/congogallery.com\/en\/wp-json\/wp\/v2\/product_tag?post=582"}],"curies":[{"name":"wp","href":"https:\/\/api.w.org\/{rel}","templated":true}]}}