{"id":570,"date":"2016-07-01T00:00:34","date_gmt":"2016-06-30T22:00:34","guid":{"rendered":"http:\/\/elfzilr.cluster028.hosting.ovh.net\/?post_type=product&#038;p=570"},"modified":"2021-12-08T11:46:31","modified_gmt":"2021-12-08T10:46:31","slug":"masks-in-congo","status":"publish","type":"product","link":"https:\/\/congogallery.com\/en\/boutique\/livre\/masks-in-congo\/","title":{"rendered":"Masks In Congo"},"content":{"rendered":"<h3><span style=\"color: #dd3333; font-weight: 300;\">Masks In Congo<\/span><\/h3>\n<p>\u00c0 l&rsquo;occasion de l&rsquo;exposition \u00ab\u00a0MASKS IN CONGO\u00a0\u00bb au Guangdong Museum of art (Chine), organis\u00e9e par Ethnic Art &amp; Culture Ltd (Hong Kong) dont Marc Leo Felix est le curateur, 2 livres de 352 pages en A4+ ont \u00e9t\u00e9 publi\u00e9s format, l&rsquo;un est en chinois et l&rsquo;autre est en anglais\/fran\u00e7ais, contenant 800 images.<\/p>\n<p>2016<br \/>\nTirage limit\u00e9 \u00e0 500 exemplaires dont seulement 250 pour l&rsquo;Europe.<\/p>\n<p>12 auteurs ont \u00e9crit des essais :<\/p>\n<ul>\n<li>Dr.Viviane Baeke,Researcher at the RMCA, Tervuren.<\/li>\n<li>Dr. David Binkley \u00ad Former Chief Curator, Museum of African Art, Smithsonian<br \/>\nInstitution, Washington DC, USA<\/li>\n<li>Prof. Dr. Arthur Bourgeois \u00ad professor emeritus in Art History at Governors<br \/>\nState University, University Park, Illinois, USA<\/li>\n<li>Drs. Kellim Brown \u00ad University of South Florida, USA, Research intern at the<br \/>\nCongo Basin Art History Research Center, Brussels, Belgium<\/li>\n<li>Dr. Rik Ceyssens \u00ad Independent Scholar<\/li>\n<li>Prof. Dr. Pol-Pierre Gossiaux \u00ad professor emeritus Liege University, Belgium<\/li>\n<li>Marc Leo Felix \u00ad Director Congo Basin Art History Research Center, Brussels,<br \/>\nBelgium<\/li>\n<li>\n<div>Dr. Manuel Jord\u00e1n\u00a0Chief Curator at the Musical Instrument Museum, Phoenix<\/div>\n<div>Arizona, USA<\/div>\n<\/li>\n<li>Prof. Dr. Constantine Petridis \u00ad Curator, of African art at the Cleveland Museum of Art adjunct professor of art history at Case Western Reserve<br \/>\nUniversity, USA<\/li>\n<li>Prof. Dr. Z. S. Strother, Riggio Professor of African Art, Columbia<br \/>\nUniversity, New York, USA<\/li>\n<li>Dr. Julien Volper \u00ad Curator at the Royal Museum of Central Africa, Tervuren,<br \/>\nBelgium<\/li>\n<li>Dr. Pan Yanqin College of ASEAN Studies, Guangxi University for<br \/>\nNationalities P. R. of China.<\/li>\n<\/ul>","protected":false},"excerpt":{"rendered":"<p>\u00c0 l&rsquo;occasion de l&rsquo;exposition \u00ab\u00a0MASKS IN CONGO\u00a0\u00bb au Guangdong Museum of art (Chine), organis\u00e9e par Ethnic Art &amp; Culture Ltd (Hong Kong) dont Marc Leo Felix est le curateur, 2 livres de 352 pages en A4+ ont \u00e9t\u00e9 publi\u00e9s format, l&rsquo;un est en chinois et l&rsquo;autre est en anglais\/fran\u00e7ais, contenant 800 images.<\/p>\n<p>2016<br \/>\nTirage limit\u00e9 \u00e0 500 exemplaires dont seulement 250 pour l&rsquo;Europe.<\/p>","protected":false},"featured_media":628,"template":"","meta":[],"product_brand":[],"product_cat":[19],"product_tag":[],"class_list":{"0":"post-570","1":"product","2":"type-product","3":"status-publish","4":"has-post-thumbnail","6":"product_cat-livre","7":"pa_langue-anglais","8":"pa_langue-chinois","10":"first","11":"instock","12":"shipping-taxable","13":"purchasable","14":"product-type-variable"},"_links":{"self":[{"href":"https:\/\/congogallery.com\/en\/wp-json\/wp\/v2\/product\/570","targetHints":{"allow":["GET"]}}],"collection":[{"href":"https:\/\/congogallery.com\/en\/wp-json\/wp\/v2\/product"}],"about":[{"href":"https:\/\/congogallery.com\/en\/wp-json\/wp\/v2\/types\/product"}],"version-history":[{"count":0,"href":"https:\/\/congogallery.com\/en\/wp-json\/wp\/v2\/product\/570\/revisions"}],"wp:featuredmedia":[{"embeddable":true,"href":"https:\/\/congogallery.com\/en\/wp-json\/wp\/v2\/media\/628"}],"wp:attachment":[{"href":"https:\/\/congogallery.com\/en\/wp-json\/wp\/v2\/media?parent=570"}],"wp:term":[{"taxonomy":"product_brand","embeddable":true,"href":"https:\/\/congogallery.com\/en\/wp-json\/wp\/v2\/product_brand?post=570"},{"taxonomy":"product_cat","embeddable":true,"href":"https:\/\/congogallery.com\/en\/wp-json\/wp\/v2\/product_cat?post=570"},{"taxonomy":"product_tag","embeddable":true,"href":"https:\/\/congogallery.com\/en\/wp-json\/wp\/v2\/product_tag?post=570"}],"curies":[{"name":"wp","href":"https:\/\/api.w.org\/{rel}","templated":true}]}}