{"id":216,"date":"2018-01-24T00:00:34","date_gmt":"2018-01-23T23:00:34","guid":{"rendered":"http:\/\/elfzilr.cluster028.hosting.ovh.net\/produit\/hoodie-with-logo\/"},"modified":"2021-12-08T11:42:27","modified_gmt":"2021-12-08T10:42:27","slug":"ritual-figures-in-congo","status":"publish","type":"product","link":"https:\/\/congogallery.com\/en\/boutique\/livre\/ritual-figures-in-congo\/","title":{"rendered":"Ritual Figures In Congo"},"content":{"rendered":"<h3><span style=\"color: #dd3333; font-weight: 300;\">Ritual Figures In Congo<\/span><\/h3>\n<p>\u00c0 l\u2019occasion du BRUNEAF d\u2019hiver, le 24 janvier 2018, nous pr\u00e9senterons un nouveau livre \u00ab\u00a0<strong>Ritual Figures in Congo<\/strong>\u00a0\u00bb \u00e9crit en anglais par Marc Leo Felix qui aura 376 pages, A4 +.<\/p>\n<p>On y trouvera plus de 600 photos en couleur, 50 photos noir et blanc, 20 cartes, 120 photos couleur pleine page prises par Paul Louis et surprise\u00a0! 120 vid\u00e9os permettant de voir les statues tourner \u00e0 360\u00b0 par le biais d\u2019un code QR. Je crois savoir que c\u2019est la premi\u00e8re fois qu\u2019un livre d\u2019art est publi\u00e9 contenant des vid\u00e9os. Tirage limit\u00e9 \u00e0 500 exemplaires en Anglais dont 250 pour l\u2019Asie et 250 pour le reste du monde.<\/p>\n<p>Ce livre servira entre autres de catalogue pour une exposition qui commencera \u00e0 faire le tour de la Chine au \u00ab Three gorges Museum\u00a0\u00bb dans l\u2019\u00e9norme ville de Chong Qing le 9 juin 2018.<\/p>","protected":false},"excerpt":{"rendered":"<p>\u00c0 l\u2019occasion du BRUNEAF d\u2019hiver, le 24 janvier 2018, nous pr\u00e9senterons un nouveau livre \u00ab\u00a0<strong>Ritual Figures in Congo<\/strong>\u00a0\u00bb \u00e9crit en anglais par Marc Leo Felix qui aura 376 pages, A4 +.<\/p>\n<p>On y trouvera plus de 600 photos en couleur, 50 photos noir et blanc, 20 cartes, 120 photos couleur pleine page prises par Paul Louis et surprise\u00a0! 120 vid\u00e9os permettant de voir les statues tourner \u00e0 360\u00b0 par le biais d\u2019un code QR. Je crois savoir que c\u2019est la premi\u00e8re fois qu\u2019un livre d\u2019art est publi\u00e9 contenant des vid\u00e9os. Tirage limit\u00e9 \u00e0 500 exemplaires en Anglais dont 250 pour l\u2019Asie et 250 pour le reste du monde.<\/p>\n<p>Ce livre servira entre autres de catalogue pour une exposition qui commencera \u00e0 faire le tour de la Chine au \u00ab Three gorges Museum\u00a0\u00bb dans l\u2019\u00e9norme ville de Chong Qing le 9 juin 2018.<\/p>","protected":false},"featured_media":562,"template":"","meta":[],"product_brand":[],"product_cat":[19],"product_tag":[],"class_list":{"0":"post-216","1":"product","2":"type-product","3":"status-publish","4":"has-post-thumbnail","6":"product_cat-livre","8":"first","9":"instock","10":"shipping-taxable","11":"purchasable","12":"product-type-simple"},"_links":{"self":[{"href":"https:\/\/congogallery.com\/en\/wp-json\/wp\/v2\/product\/216","targetHints":{"allow":["GET"]}}],"collection":[{"href":"https:\/\/congogallery.com\/en\/wp-json\/wp\/v2\/product"}],"about":[{"href":"https:\/\/congogallery.com\/en\/wp-json\/wp\/v2\/types\/product"}],"version-history":[{"count":0,"href":"https:\/\/congogallery.com\/en\/wp-json\/wp\/v2\/product\/216\/revisions"}],"wp:featuredmedia":[{"embeddable":true,"href":"https:\/\/congogallery.com\/en\/wp-json\/wp\/v2\/media\/562"}],"wp:attachment":[{"href":"https:\/\/congogallery.com\/en\/wp-json\/wp\/v2\/media?parent=216"}],"wp:term":[{"taxonomy":"product_brand","embeddable":true,"href":"https:\/\/congogallery.com\/en\/wp-json\/wp\/v2\/product_brand?post=216"},{"taxonomy":"product_cat","embeddable":true,"href":"https:\/\/congogallery.com\/en\/wp-json\/wp\/v2\/product_cat?post=216"},{"taxonomy":"product_tag","embeddable":true,"href":"https:\/\/congogallery.com\/en\/wp-json\/wp\/v2\/product_tag?post=216"}],"curies":[{"name":"wp","href":"https:\/\/api.w.org\/{rel}","templated":true}]}}