{"id":1260,"date":"2021-12-08T12:08:37","date_gmt":"2021-12-08T11:08:37","guid":{"rendered":"https:\/\/congogallery.com\/?page_id=1260"},"modified":"2022-01-26T20:19:01","modified_gmt":"2022-01-26T19:19:01","slug":"mentions-legales","status":"publish","type":"page","link":"https:\/\/congogallery.com\/en\/mentions-legales\/","title":{"rendered":"Legal Notice"},"content":{"rendered":"<h2 class=\"wp-block-heading\" id=\"1-presentation-du-site\">1. Presentation of the website<\/h2>\n\n\n\n<p>En vertu de l&rsquo;article 6 de la loi n\u00b0 2004-575 du 21 juin 2004 pour la confiance dans l&rsquo;\u00e9conomie num\u00e9rique, il est pr\u00e9cis\u00e9 aux utilisateurs du site&nbsp;<a href=\"https:\/\/congogallery.com\/en\/\">Congo Gallery<\/a>&nbsp;l&rsquo;identit\u00e9 des diff\u00e9rents intervenants dans le cadre de sa r\u00e9alisation et de son suivi :<br><\/p>\n\n\n\n<ul class=\"wp-block-list\"><li>Propri\u00e9taire du site : Tribal Arts &#8211; SPRL<\/li><li>Headquarters: 20 Avenue Marie-Clotilde, 1170 Watermael-Boitsfort, Belgium<\/li><li>Num\u00e9ro identification TVA : BE0425835047<\/li><li>Responsable publication : Congo Gallery &#8211; contact@congogallery.com<\/li><li>Site creator:\u00a0<a href=\"https:\/\/zalati.fr\/portfolio\/\" target=\"_blank\" rel=\"noreferrer noopener\">Leculli\u00e9 C\u00e9dric<\/a>\u00a0&#8211; admin@zalati.fr<\/li><li>Host: OVH (2 Rue Kellermann, 59100 Roubaix)<\/li><\/ul>\n\n\n\n<div style=\"height:10px\" aria-hidden=\"true\" class=\"wp-block-spacer\"><\/div>\n\n\n\n<h2 class=\"wp-block-heading\" id=\"2-conditions-generales-d-utilisation-du-site-et-des-services-proposes\">2. General conditions of use of the site and the services offered<\/h2>\n\n\n\n<p>L\u2019utilisation du site&nbsp;<a href=\"https:\/\/congogallery.com\/en\/\">Congo Gallery<\/a>&nbsp;implique l\u2019acceptation pleine et enti\u00e8re des conditions g\u00e9n\u00e9rales d\u2019utilisation ci-apr\u00e8s d\u00e9crites. Ces conditions d\u2019utilisation sont susceptibles d\u2019\u00eatre modifi\u00e9es ou compl\u00e9t\u00e9es \u00e0 tout moment, les utilisateurs du site&nbsp;<a href=\"https:\/\/congogallery.com\/en\/\">Congo Gallery<\/a>&nbsp;sont donc invit\u00e9s \u00e0 les consulter de mani\u00e8re r\u00e9guli\u00e8re.<\/p>\n\n\n\n<p>Ce site est normalement accessible \u00e0 tout moment aux utilisateurs. Une interruption pour raison de maintenance technique peut \u00eatre toutefois d\u00e9cid\u00e9e par&nbsp;<a href=\"https:\/\/congogallery.com\/en\/\">Congo Gallery<\/a>, qui s\u2019efforcera alors de communiquer pr\u00e9alablement aux utilisateurs les dates et heures de l\u2019intervention.<\/p>\n\n\n\n<p>The site&nbsp;<a href=\"https:\/\/congogallery.com\/en\/\">Congo Gallery<\/a>&nbsp;est mis \u00e0 jour r\u00e9guli\u00e8rement par&nbsp;<a href=\"https:\/\/congogallery.com\/en\/\">Congo Gallery<\/a>. De la m\u00eame fa\u00e7on, les mentions l\u00e9gales peuvent \u00eatre modifi\u00e9es \u00e0 tout moment : elles s\u2019imposent n\u00e9anmoins \u00e0 l\u2019utilisateur qui est invit\u00e9 \u00e0 s\u2019y r\u00e9f\u00e9rer le plus souvent possible afin d\u2019en prendre connaissance.<\/p>\n\n\n\n<div style=\"height:10px\" aria-hidden=\"true\" class=\"wp-block-spacer\"><\/div>\n\n\n\n<h2 class=\"wp-block-heading\" id=\"3-description-des-services-fournis\">3. Description of the services provided<\/h2>\n\n\n\n<p>The site&nbsp;<a href=\"https:\/\/congogallery.com\/en\/\">Congo Gallery<\/a>&nbsp;a pour objet de fournir une information concernant l\u2019ensemble des activit\u00e9s de la soci\u00e9t\u00e9.<\/p>\n\n\n\n<p><a href=\"https:\/\/congogallery.com\/en\/\">Congo Gallery<\/a>&nbsp;s\u2019efforce de fournir sur le site&nbsp;<a href=\"https:\/\/congogallery.com\/en\/\">Congo Gallery<\/a>&nbsp;des informations aussi pr\u00e9cises que possible. Toutefois, il ne pourra \u00eatre tenu responsable des omissions, des inexactitudes et des carences dans la mise \u00e0 jour, qu\u2019elles soient de son fait ou du fait des tiers partenaires qui lui fournissent ces informations.<\/p>\n\n\n\n<p>Tous les informations indiqu\u00e9es sur le site&nbsp;<a href=\"https:\/\/congogallery.com\/en\/\">Congo Gallery<\/a>&nbsp;sont donn\u00e9es \u00e0 titre indicatif, et sont susceptibles d\u2019\u00e9voluer. Par ailleurs, les renseignements figurant sur le site&nbsp;<a href=\"https:\/\/congogallery.com\/en\/\">Congo Gallery<\/a>&nbsp;ne sont pas exhaustifs. Ils sont donn\u00e9s sous r\u00e9serve de modifications ayant \u00e9t\u00e9 apport\u00e9es depuis leur mise en ligne.<\/p>\n\n\n\n<div style=\"height:10px\" aria-hidden=\"true\" class=\"wp-block-spacer\"><\/div>\n\n\n\n<h2 class=\"wp-block-heading\" id=\"4-limitations-contractuelles-sur-les-donnees-techniques\">4. Contractual limitations on technical data<\/h2>\n\n\n\n<p>The site uses JavaScript technology.<\/p>\n\n\n\n<p>Le site Internet ne pourra \u00eatre tenu responsable de dommages mat\u00e9riels li\u00e9s \u00e0 l\u2019utilisation du site. De plus, l\u2019utilisateur du site s\u2019engage \u00e0 acc\u00e9der au site en utilisant un mat\u00e9riel r\u00e9cent, ne contenant pas de virus et avec un navigateur de derni\u00e8re g\u00e9n\u00e9ration mis-\u00e0-jour.<\/p>\n\n\n\n<div style=\"height:10px\" aria-hidden=\"true\" class=\"wp-block-spacer\"><\/div>\n\n\n\n<h2 class=\"wp-block-heading\" id=\"5-propriete-intellectuelle-et-contrefacons\">5. Intellectual property and counterfeits<\/h2>\n\n\n\n<p>Tribal Arts&nbsp;est propri\u00e9taire des droits de propri\u00e9t\u00e9 intellectuelle ou d\u00e9tient les droits d\u2019usage sur tous les \u00e9l\u00e9ments accessibles sur le site, notamment les textes, images, graphismes, logo, ic\u00f4nes, sons, logiciels.<\/p>\n\n\n\n<p>Toute reproduction, repr\u00e9sentation, modification, publication, adaptation de tout ou partie des \u00e9l\u00e9ments du site, quel que soit le moyen ou le proc\u00e9d\u00e9 utilis\u00e9, est interdite, sauf autorisation \u00e9crite pr\u00e9alable de :&nbsp; Tribal Arts.<\/p>\n\n\n\n<p>Any unauthorized use of the site or any of the elements it contains will be considered as constituting an infringement and prosecuted in accordance with the provisions of Articles L.335-2 and following of the Intellectual Property Code.<\/p>\n\n\n\n<div style=\"height:10px\" aria-hidden=\"true\" class=\"wp-block-spacer\"><\/div>\n\n\n\n<h2 class=\"wp-block-heading\" id=\"6-limitations-de-responsabilite\">6. Limitations of liability<\/h2>\n\n\n\n<p>Tribal Arts&nbsp;ne pourra \u00eatre tenu responsable des dommages directs et indirects caus\u00e9s au mat\u00e9riel de l\u2019utilisateur, lors de l\u2019acc\u00e8s au site&nbsp;<a href=\"https:\/\/congogallery.com\/en\/\">Congo Gallery<\/a>, and resulting either from the use of equipment that does not meet the specifications indicated in point 4, or from the appearance of a bug or incompatibility.<\/p>\n\n\n\n<p>Tribal Arts&nbsp;ne pourra \u00e9galement \u00eatre tenue responsable des dommages indirects (tels par exemple qu\u2019une perte de march\u00e9 ou perte d\u2019une chance) cons\u00e9cutifs \u00e0 l\u2019utilisation du site&nbsp;<a href=\"https:\/\/congogallery.com\/en\/\">Congo Gallery<\/a>.<\/p>\n\n\n\n<div style=\"height:10px\" aria-hidden=\"true\" class=\"wp-block-spacer\"><\/div>\n\n\n\n<h2 class=\"wp-block-heading\" id=\"7-gestion-des-donnees-personnelles\">7. Management of personal data<\/h2>\n\n\n\n<p>En France, les donn\u00e9es personnelles sont notamment prot\u00e9g\u00e9es par la loi n\u00b0 78-87 du 6 janvier 1978, la loi n\u00b0 2004-801 du 6 ao\u00fbt 2004, l&rsquo;article L. 226-13 du Code p\u00e9nal et la Directive Europ\u00e9enne du 24 octobre 1995.<\/p>\n\n\n\n<p>A l&rsquo;occasion de l&rsquo;utilisation du site&nbsp;<a href=\"https:\/\/congogallery.com\/en\/\">Congo Gallery<\/a>, peuvent \u00eatres recueillies : l&rsquo;URL des liens par l&rsquo;interm\u00e9diaire desquels l&rsquo;utilisateur a acc\u00e9d\u00e9 au site&nbsp;<a href=\"https:\/\/congogallery.com\/en\/\">Congo Gallery<\/a>, le fournisseur d&rsquo;acc\u00e8s de l&rsquo;utilisateur, l&rsquo;adresse de protocole Internet (IP) de l&rsquo;utilisateur.<\/p>\n\n\n\n<p>In any case&nbsp;<a href=\"https:\/\/congogallery.com\/en\/\">Congo Gallery<\/a>&nbsp;ne collecte des informations personnelles relatives \u00e0 l&rsquo;utilisateur que pour le besoin de certains services propos\u00e9s par le site&nbsp;<a href=\"https:\/\/congogallery.com\/en\/\">Congo Gallery<\/a>. L&rsquo;utilisateur fournit ces informations en toute connaissance de cause, notamment lorsqu&rsquo;il proc\u00e8de par lui-m\u00eame \u00e0 leur saisie. Il est alors pr\u00e9cis\u00e9 \u00e0 l&rsquo;utilisateur du site&nbsp;<a href=\"https:\/\/congogallery.com\/en\/\">Congo Gallery<\/a>&nbsp;the obligation or not to provide this information.<\/p>\n\n\n\n<p>In accordance with the provisions of articles 38 and following of the law 78-17 of January 6, 1978 relating to data processing, files and freedoms, any user has a right of access, rectification and opposition to personal data. concerning him, by making his written and signed request, accompanied by a copy of the identity document with signature of the holder of the document, specifying the address to which the response must be sent.<\/p>\n\n\n\n<p>Aucune information personnelle de l&rsquo;utilisateur du site&nbsp;<a href=\"https:\/\/congogallery.com\/en\/\">Congo Gallery<\/a>&nbsp;n&rsquo;est publi\u00e9e \u00e0 l&rsquo;insu de l&rsquo;utilisateur, \u00e9chang\u00e9e, transf\u00e9r\u00e9e, c\u00e9d\u00e9e ou vendue sur un support quelconque \u00e0 des tiers. Seule l&rsquo;hypoth\u00e8se du rachat de&nbsp;<a href=\"https:\/\/congogallery.com\/en\/\">Congo Gallery<\/a>&nbsp;et de ses droits permettrait la transmission des dites informations \u00e0 l&rsquo;\u00e9ventuel acqu\u00e9reur qui serait \u00e0 son tour tenu de la m\u00eame obligation de conservation et de modification des donn\u00e9es vis \u00e0 vis de l&rsquo;utilisateur du site&nbsp;<a href=\"https:\/\/congogallery.com\/en\/\">Congo Gallery<\/a>.<\/p>\n\n\n\n<p>Le site n&rsquo;est pas d\u00e9clar\u00e9 \u00e0 la CNIL car il n&rsquo;exploite pas les donn\u00e9es personnelles comme indiqu\u00e9 sur cette page<\/p>\n\n\n\n<p>The databases are protected by the provisions of the law of July 1, 1998 transposing directive 96\/9 of March 11, 1996 on the legal protection of databases.<\/p>\n\n\n\n<div style=\"height:10px\" aria-hidden=\"true\" class=\"wp-block-spacer\"><\/div>\n\n\n\n<h2 class=\"wp-block-heading\" id=\"8-liens-hypertextes-et-cookies\">8. Hypertext links and cookies<\/h2>\n\n\n\n<p>The site&nbsp;<a href=\"https:\/\/congogallery.com\/en\/\">Congo Gallery<\/a>&nbsp;contient un certain nombre de liens hypertextes vers d\u2019autres sites, mis en place avec l\u2019autorisation de&nbsp;Tribal Arts. Cependant,&nbsp;Tribal Arts&nbsp;n\u2019a pas la possibilit\u00e9 de v\u00e9rifier le contenu des sites ainsi visit\u00e9s, et n\u2019assumera en cons\u00e9quence aucune responsabilit\u00e9 de ce fait.<\/p>\n\n\n\n<p>Navigation on the site&nbsp;<a href=\"https:\/\/congogallery.com\/en\/\">Congo Gallery<\/a>&nbsp;may cause the installation of cookie (s) on the user's computer. A cookie is a small file, which does not allow the user to be identified, but which records information relating to the navigation of a computer on a site. The data thus obtained are intended to facilitate subsequent navigation on the site, and are also intended to allow various measures of attendance.<\/p>\n\n\n\n<p>Refusing to install a cookie may make it impossible to access certain services. The user can, however, configure his computer as follows to refuse the installation of cookies:<\/p>\n\n\n\n<ul class=\"wp-block-list\"><li>In Internet Explorer: tool tab (pictogram in the shape of a cog at the top right) \/ internet options. Click on Privacy and choose Block all cookies. Validate on Ok.<\/li><li>Sous Firefox : en haut de la fen\u00eatre du navigateur, cliquez sur le bouton Firefox, puis aller dans l&rsquo;onglet Options. Cliquer sur l&rsquo;onglet Vie priv\u00e9e. Param\u00e9trez les R\u00e8gles de conservation sur : utiliser les param\u00e8tres personnalis\u00e9s pour l&rsquo;historique. Enfin d\u00e9cochez-la pour d\u00e9sactiver les cookies.<\/li><li>Sous Safari : Cliquez en haut \u00e0 droite du navigateur sur le pictogramme de menu (symbolis\u00e9 par un rouage). S\u00e9lectionnez Param\u00e8tres. Cliquez sur Afficher les param\u00e8tres avanc\u00e9s. Dans la section \u00ab\u00a0Confidentialit\u00e9\u00a0\u00bb, cliquez sur Param\u00e8tres de contenu. Dans la section \u00ab\u00a0Cookies\u00a0\u00bb, vous pouvez bloquer les cookies.<\/li><li>Sous Chrome : Cliquez en haut \u00e0 droite du navigateur sur le pictogramme de menu (symbolis\u00e9 par trois lignes horizontales). S\u00e9lectionnez Param\u00e8tres. Cliquez sur Afficher les param\u00e8tres avanc\u00e9s. Dans la section \u00ab\u00a0Confidentialit\u00e9\u00a0\u00bb, cliquez sur pr\u00e9f\u00e9rences. Dans l&rsquo;onglet \u00ab\u00a0Confidentialit\u00e9\u00a0\u00bb, vous pouvez bloquer les cookies.<\/li><\/ul>\n\n\n\n<div style=\"height:10px\" aria-hidden=\"true\" class=\"wp-block-spacer\"><\/div>\n\n\n\n<h2 class=\"wp-block-heading\" id=\"9-droit-applicable-et-attribution-de-juridiction\">9. Applicable law and attribution of jurisdiction<\/h2>\n\n\n\n<p>Tout litige en relation avec l\u2019utilisation du site est soumis au droit fran\u00e7ais. Il est fait attribution exclusive de juridiction aux tribunaux comp\u00e9tents de Paris.<\/p>\n\n\n\n<div style=\"height:10px\" aria-hidden=\"true\" class=\"wp-block-spacer\"><\/div>\n\n\n\n<h2 class=\"wp-block-heading\" id=\"10-les-principales-lois-concernees\">10. The main laws concerned<\/h2>\n\n\n\n<p>Loi n\u00b0 78-17 du 6 janvier 1978, notamment modifi\u00e9e par la loi n\u00b0 2004-801 du 6 ao\u00fbt 2004 relative \u00e0 l&rsquo;informatique, aux fichiers et aux libert\u00e9s.<\/p>\n\n\n\n<p>Loi n\u00b0 2004-575 du 21 juin 2004 pour la confiance dans l&rsquo;\u00e9conomie num\u00e9rique.<\/p>\n\n\n\n<div style=\"height:10px\" aria-hidden=\"true\" class=\"wp-block-spacer\"><\/div>\n\n\n\n<h2 class=\"wp-block-heading\" id=\"11-lexique\">11. Glossary<\/h2>\n\n\n\n<p>User: Internet user connecting, using the aforementioned site.<\/p>\n\n\n\n<p>Informations personnelles : \u00ab les informations qui permettent, sous quelque forme que ce soit, directement ou non, l&rsquo;identification des personnes physiques auxquelles elles s&rsquo;appliquent \u00bb (article 4 de la loi n\u00b0 78-17 du 6 janvier 1978).<\/p>","protected":false},"excerpt":{"rendered":"<p>1. Pr\u00e9sentation du site En vertu de l&rsquo;article 6 de la loi n\u00b0 2004-575 du 21 juin 2004 pour la confiance dans l&rsquo;\u00e9conomie num\u00e9rique, il &hellip;<\/p>","protected":false},"author":1,"featured_media":0,"parent":0,"menu_order":0,"comment_status":"closed","ping_status":"closed","template":"","meta":{"footnotes":""},"class_list":["post-1260","page","type-page","status-publish","hentry"],"_links":{"self":[{"href":"https:\/\/congogallery.com\/en\/wp-json\/wp\/v2\/pages\/1260","targetHints":{"allow":["GET"]}}],"collection":[{"href":"https:\/\/congogallery.com\/en\/wp-json\/wp\/v2\/pages"}],"about":[{"href":"https:\/\/congogallery.com\/en\/wp-json\/wp\/v2\/types\/page"}],"author":[{"embeddable":true,"href":"https:\/\/congogallery.com\/en\/wp-json\/wp\/v2\/users\/1"}],"replies":[{"embeddable":true,"href":"https:\/\/congogallery.com\/en\/wp-json\/wp\/v2\/comments?post=1260"}],"version-history":[{"count":0,"href":"https:\/\/congogallery.com\/en\/wp-json\/wp\/v2\/pages\/1260\/revisions"}],"wp:attachment":[{"href":"https:\/\/congogallery.com\/en\/wp-json\/wp\/v2\/media?parent=1260"}],"curies":[{"name":"wp","href":"https:\/\/api.w.org\/{rel}","templated":true}]}}